{"id":1184,"date":"2026-04-08T11:49:43","date_gmt":"2026-04-08T09:49:43","guid":{"rendered":"https:\/\/gkspiomar.pl\/?page_id=1184"},"modified":"2026-04-08T13:03:55","modified_gmt":"2026-04-08T11:03:55","slug":"free-to-dream","status":"publish","type":"page","link":"https:\/\/gkspiomar.pl\/index.php\/free-to-dream\/","title":{"rendered":"GKS Piomar  w Ekosystemie Free To Dream"},"content":{"rendered":"\t\t<div data-elementor-type=\"wp-page\" data-elementor-id=\"1184\" class=\"elementor elementor-1184\" data-elementor-settings=\"{&quot;ha_cmc_init_switcher&quot;:&quot;no&quot;}\">\n\t\t\t\t\t\t<section class=\"elementor-section elementor-top-section elementor-element elementor-element-f0005a7 elementor-section-boxed elementor-section-height-default elementor-section-height-default\" data-id=\"f0005a7\" data-element_type=\"section\" data-settings=\"{&quot;_ha_eqh_enable&quot;:false}\">\n\t\t\t\t\t\t<div class=\"elementor-container elementor-column-gap-default\">\n\t\t\t\t\t<div class=\"elementor-column elementor-col-100 elementor-top-column elementor-element elementor-element-0ba85f5\" data-id=\"0ba85f5\" data-element_type=\"column\">\n\t\t\t<div class=\"elementor-widget-wrap elementor-element-populated\">\n\t\t\t\t\t\t<div class=\"elementor-element elementor-element-3ba922c elementor-widget-divider--view-line elementor-widget elementor-widget-divider\" data-id=\"3ba922c\" data-element_type=\"widget\" data-widget_type=\"divider.default\">\n\t\t\t\t<div class=\"elementor-widget-container\">\n\t\t\t\t\t\t\t<div class=\"elementor-divider\">\n\t\t\t<span class=\"elementor-divider-separator\">\n\t\t\t\t\t\t<\/span>\n\t\t<\/div>\n\t\t\t\t\t\t<\/div>\n\t\t\t\t<\/div>\n\t\t\t\t\t<\/div>\n\t\t<\/div>\n\t\t\t\t\t<\/div>\n\t\t<\/section>\n\t\t\t\t<section class=\"elementor-section elementor-top-section elementor-element elementor-element-031758c elementor-section-boxed elementor-section-height-default elementor-section-height-default\" data-id=\"031758c\" data-element_type=\"section\" data-settings=\"{&quot;_ha_eqh_enable&quot;:false}\">\n\t\t\t\t\t\t<div class=\"elementor-container elementor-column-gap-default\">\n\t\t\t\t\t<div class=\"elementor-column elementor-col-50 elementor-top-column elementor-element elementor-element-42e2ea1\" data-id=\"42e2ea1\" data-element_type=\"column\">\n\t\t\t<div class=\"elementor-widget-wrap elementor-element-populated\">\n\t\t\t\t\t\t<div class=\"elementor-element elementor-element-ccf3345 elementor-widget__width-initial elementor-widget elementor-widget-text-editor\" data-id=\"ccf3345\" data-element_type=\"widget\" data-widget_type=\"text-editor.default\">\n\t\t\t\t<div class=\"elementor-widget-container\">\n\t\t\t\t\t\t\t\t\t<p style=\"text-align: left;\"><strong>Wchodzimy na wy\u017cszy poziom. Jak w praktyce dzia\u0142a Ekosystem<\/strong><br \/><strong>Free To Dream w naszej akademii?<\/strong><\/p><p style=\"text-align: left;\">Wi\u0119kszo\u015b\u0107 szk\u00f3\u0142ek pi\u0142karskich w Polsce dzia\u0142a wed\u0142ug jednego, przestarza\u0142ego<br \/>schematu: trener, pi\u0142ka, boisko i&#8230; jako\u015b to b\u0119dzie. Niestety, gdy zawodnik \u0142apie<br \/>kryzys mentalny, ma problem z od\u017cywianiem przed meczem albo potrzebuje<br \/>pokierowania po kontuzji \u2013 system zawodzi. Rodzic zostaje z tym sam, szukaj\u0105c<br \/>pomocy po omacku.<br \/>W GKS Piomar nienawidzimy chaosu. Dlatego zamiast udawa\u0107, \u017ce znamy<br \/>si\u0119 na wszystkim, wdro\u017cyli\u015bmy konkretny proces. Z dum\u0105 og\u0142aszamy, \u017ce<br \/>oficjalnie zostali\u015bmy Certyfikowan\u0105 Akademi\u0105 Free To Dream! \u2705<br \/>Co to oznacza i jak to dok\u0142adnie dzia\u0142a?<br \/>Dzi\u0119ki pod\u0142\u0105czeniu naszej akademii pod og\u00f3lnopolski system, zapewniamy Wam<br \/>dost\u0119p do pot\u0119\u017cnego zaplecza \u2013 bez wyd\u0142u\u017cania naszej administracji i bez<br \/>po\u015brednik\u00f3w.<\/p>\t\t\t\t\t\t\t\t<\/div>\n\t\t\t\t<\/div>\n\t\t\t\t\t<\/div>\n\t\t<\/div>\n\t\t\t\t<div class=\"elementor-column elementor-col-50 elementor-top-column elementor-element elementor-element-5b9e624\" data-id=\"5b9e624\" data-element_type=\"column\">\n\t\t\t<div class=\"elementor-widget-wrap elementor-element-populated\">\n\t\t\t\t\t\t<div class=\"elementor-element elementor-element-b69c512 elementor-widget elementor-widget-image\" data-id=\"b69c512\" data-element_type=\"widget\" data-widget_type=\"image.default\">\n\t\t\t\t<div class=\"elementor-widget-container\">\n\t\t\t\t\t\t\t\t\t\t\t\t\t\t\t<img fetchpriority=\"high\" decoding=\"async\" width=\"1000\" height=\"1000\" src=\"https:\/\/gkspiomar.pl\/wp-content\/uploads\/2026\/04\/PIOMAR-FTD2.jpg\" class=\"attachment-large size-large wp-image-1187\" alt=\"\" srcset=\"https:\/\/gkspiomar.pl\/wp-content\/uploads\/2026\/04\/PIOMAR-FTD2.jpg 1000w, https:\/\/gkspiomar.pl\/wp-content\/uploads\/2026\/04\/PIOMAR-FTD2-300x300.jpg 300w, https:\/\/gkspiomar.pl\/wp-content\/uploads\/2026\/04\/PIOMAR-FTD2-150x150.jpg 150w, https:\/\/gkspiomar.pl\/wp-content\/uploads\/2026\/04\/PIOMAR-FTD2-768x768.jpg 768w, https:\/\/gkspiomar.pl\/wp-content\/uploads\/2026\/04\/PIOMAR-FTD2-600x600.jpg 600w, https:\/\/gkspiomar.pl\/wp-content\/uploads\/2026\/04\/PIOMAR-FTD2-128x128.jpg 128w, https:\/\/gkspiomar.pl\/wp-content\/uploads\/2026\/04\/PIOMAR-FTD2-32x32.jpg 32w\" sizes=\"(max-width: 1000px) 100vw, 1000px\" \/>\t\t\t\t\t\t\t\t\t\t\t\t\t\t\t<\/div>\n\t\t\t\t<\/div>\n\t\t\t\t\t<\/div>\n\t\t<\/div>\n\t\t\t\t\t<\/div>\n\t\t<\/section>\n\t\t\t\t<section class=\"elementor-section elementor-top-section elementor-element elementor-element-ec681b7 elementor-section-boxed elementor-section-height-default elementor-section-height-default\" data-id=\"ec681b7\" data-element_type=\"section\" data-settings=\"{&quot;_ha_eqh_enable&quot;:false}\">\n\t\t\t\t\t\t<div class=\"elementor-container elementor-column-gap-default\">\n\t\t\t\t\t<div class=\"elementor-column elementor-col-50 elementor-top-column elementor-element elementor-element-c3db23b\" data-id=\"c3db23b\" data-element_type=\"column\">\n\t\t\t<div class=\"elementor-widget-wrap elementor-element-populated\">\n\t\t\t\t\t\t<div class=\"elementor-element elementor-element-d002a73 elementor-widget elementor-widget-image\" data-id=\"d002a73\" data-element_type=\"widget\" data-widget_type=\"image.default\">\n\t\t\t\t<div class=\"elementor-widget-container\">\n\t\t\t\t\t\t\t\t\t\t\t\t\t\t\t<img decoding=\"async\" width=\"1000\" height=\"1000\" src=\"https:\/\/gkspiomar.pl\/wp-content\/uploads\/2026\/04\/PIOMAR-FTD1-1.jpg\" class=\"attachment-large size-large wp-image-1216\" alt=\"\" srcset=\"https:\/\/gkspiomar.pl\/wp-content\/uploads\/2026\/04\/PIOMAR-FTD1-1.jpg 1000w, https:\/\/gkspiomar.pl\/wp-content\/uploads\/2026\/04\/PIOMAR-FTD1-1-300x300.jpg 300w, https:\/\/gkspiomar.pl\/wp-content\/uploads\/2026\/04\/PIOMAR-FTD1-1-150x150.jpg 150w, https:\/\/gkspiomar.pl\/wp-content\/uploads\/2026\/04\/PIOMAR-FTD1-1-768x768.jpg 768w, https:\/\/gkspiomar.pl\/wp-content\/uploads\/2026\/04\/PIOMAR-FTD1-1-600x600.jpg 600w, https:\/\/gkspiomar.pl\/wp-content\/uploads\/2026\/04\/PIOMAR-FTD1-1-128x128.jpg 128w, https:\/\/gkspiomar.pl\/wp-content\/uploads\/2026\/04\/PIOMAR-FTD1-1-32x32.jpg 32w\" sizes=\"(max-width: 1000px) 100vw, 1000px\" \/>\t\t\t\t\t\t\t\t\t\t\t\t\t\t\t<\/div>\n\t\t\t\t<\/div>\n\t\t\t\t\t<\/div>\n\t\t<\/div>\n\t\t\t\t<div class=\"elementor-column elementor-col-50 elementor-top-column elementor-element elementor-element-3b88790\" data-id=\"3b88790\" data-element_type=\"column\">\n\t\t\t<div class=\"elementor-widget-wrap elementor-element-populated\">\n\t\t\t\t\t\t<div class=\"elementor-element elementor-element-03bfa8e elementor-widget elementor-widget-text-editor\" data-id=\"03bfa8e\" data-element_type=\"widget\" data-widget_type=\"text-editor.default\">\n\t\t\t\t<div class=\"elementor-widget-container\">\n\t\t\t\t\t\t\t\t\t<p style=\"text-align: left;\">Oto jak Ekosystem Wsparcia FTD b\u0119dzie od teraz dzia\u0142a\u0142 dla Was w praktyce:<\/p><p style=\"text-align: left;\">1. Cykliczna edukacja systemowa<br \/>Nie musicie ju\u017c szuka\u0107 niesprawdzonych informacji w internecie. Jako<br \/>certyfikowana akademia, b\u0119dziemy regularnie dostarcza\u0107 Wam materia\u0142y<br \/>tworzone przez ekspert\u00f3w FTD.<br \/>\u25cf Wiedza dla rodzic\u00f3w (by wiedzieli, jak wspiera\u0107, a nie przeszkadza\u0107)<br \/>\u25cf Wiedza dla samych zawodnik\u00f3w (budowanie \u015bwiadomo\u015bci)<br \/>\u25cf Wiedza dla organizacji (rozw\u00f3j akademii)<br \/>Otrzymacie m.in. dost\u0119py do cyklicznych szkole\u0144 online i praktycznych<br \/>wskaz\u00f3wek.<\/p><p style=\"text-align: left;\">2. Zesp\u00f3\u0142 specjalist\u00f3w<br \/>Gdy pojawia si\u0119 konkretny problem (np. blokada mentalna przed meczem), nie<br \/>zostajecie sami. Wchodzicie na platform\u0119 Free To Dream i macie przed sob\u0105<br \/>wyselekcjonowan\u0105 baz\u0119 psycholog\u00f3w sportu, trener\u00f3w mentalnych czy<br \/>doradc\u00f3w kariery.<\/p><p style=\"text-align: left;\">3. Brak w\u0105skiego gard\u0142a \u2013 rezerwujesz bezpo\u015brednio<br \/>Zale\u017cy nam na Waszym czasie. Nie musicie dzwoni\u0107 do trenera ani biura klubu,<br \/>by um\u00f3wi\u0107 wizyt\u0119 ze specjalist\u0105. Kiedy wejdziecie ju\u017c w ekosystem FTD poprzez<br \/>konsultacj\u0119 wst\u0119pn\u0105, platforma pozwala Wam na bezpo\u015bredni\u0105 rezerwacj\u0119<br \/>terminu konsultacji online z wybranym specjalist\u0105. System jest przejrzysty, a Wy<br \/>macie pewno\u015b\u0107, \u017ce pracujecie ze zweryfikowanymi fachowcami.<\/p><p style=\"text-align: left;\">4. Dzia\u0142amy jako Certyfikowany Partner<br \/>Otrzymali\u015bmy Certyfikat Free To Dream, co oznacza, \u017ce spe\u0142niamy standardy<br \/>nowoczesnej organizacji sportowej. Jako nasi zawodnicy, jeste\u015bcie cz\u0119\u015bci\u0105<br \/>wi\u0119kszej spo\u0142eczno\u015bci, kt\u00f3ra na pierwszym miejscu stawia ca\u0142o\u015bciowy rozw\u00f3j<br \/>cz\u0142owieka, a nie tylko suchy wynik na tablicy.<br \/>Nie wychowujemy ,,p\u0142atk\u00f3w \u015bniegu&#8221;. Budujemy m\u0105dre, odporne na stres i<br \/>\u015bwiadome \u015brodowisko, kt\u00f3re wie, jak radzi\u0107 sobie w dzisiejszym sporcie. Boisko<br \/>to tylko punkt wyj\u015bcia.<\/p><p style=\"text-align: left;\">5. Nasz unikalny kod<br \/>Nasza akademia otrzyma\u0142a unikalny kod: <b>PIOMAR_FTD<\/b>. Pami\u0119taj<br \/>aby wpisa\u0107 go umawiaj\u0105c si\u0119 na swoje konsultacje!<br \/>\ud83d\udc49 Wejd\u017a na stron\u0119 <a href=\"https:\/\/freetodream.eu\/\">https:\/\/freetodream.eu<\/a>\/ i zobacz platform\u0119 od \u015brodka!<br \/>Cieszymy si\u0119, \u017ce robimy ten krok w\u0142a\u015bnie z Wami.<br \/>Zarz\u0105d i Sztab Szkoleniowy GKS Piomar<\/p>\t\t\t\t\t\t\t\t<\/div>\n\t\t\t\t<\/div>\n\t\t\t\t\t<\/div>\n\t\t<\/div>\n\t\t\t\t\t<\/div>\n\t\t<\/section>\n\t\t\t\t<\/div>\n\t\t","protected":false},"excerpt":{"rendered":"<p>Wchodzimy na wy\u017cszy poziom. Jak w praktyce dzia\u0142a EkosystemFree To Dream w naszej akademii? Wi\u0119kszo\u015b\u0107 szk\u00f3\u0142ek pi\u0142karskich w Polsce dzia\u0142a wed\u0142ug jednego, przestarza\u0142egoschematu: trener, pi\u0142ka, boisko i&#8230; jako\u015b to b\u0119dzie. Niestety, gdy zawodnik \u0142apiekryzys mentalny, ma problem z od\u017cywianiem przed meczem albo potrzebujepokierowania po kontuzji \u2013 system zawodzi. Rodzic zostaje z tym sam, szukaj\u0105cpomocy po [&hellip;]<\/p>\n","protected":false},"author":3,"featured_media":0,"parent":0,"menu_order":0,"comment_status":"closed","ping_status":"closed","template":"","meta":{"_eb_attr":"","ocean_post_layout":"","ocean_both_sidebars_style":"","ocean_both_sidebars_content_width":0,"ocean_both_sidebars_sidebars_width":0,"ocean_sidebar":"","ocean_second_sidebar":"","ocean_disable_margins":"enable","ocean_add_body_class":"","ocean_shortcode_before_top_bar":"","ocean_shortcode_after_top_bar":"","ocean_shortcode_before_header":"","ocean_shortcode_after_header":"","ocean_has_shortcode":"","ocean_shortcode_after_title":"","ocean_shortcode_before_footer_widgets":"","ocean_shortcode_after_footer_widgets":"","ocean_shortcode_before_footer_bottom":"","ocean_shortcode_after_footer_bottom":"","ocean_display_top_bar":"default","ocean_display_header":"default","ocean_header_style":"","ocean_center_header_left_menu":"","ocean_custom_header_template":"","ocean_custom_logo":0,"ocean_custom_retina_logo":0,"ocean_custom_logo_max_width":0,"ocean_custom_logo_tablet_max_width":0,"ocean_custom_logo_mobile_max_width":0,"ocean_custom_logo_max_height":0,"ocean_custom_logo_tablet_max_height":0,"ocean_custom_logo_mobile_max_height":0,"ocean_header_custom_menu":"","ocean_menu_typo_font_family":"","ocean_menu_typo_font_subset":"","ocean_menu_typo_font_size":0,"ocean_menu_typo_font_size_tablet":0,"ocean_menu_typo_font_size_mobile":0,"ocean_menu_typo_font_size_unit":"px","ocean_menu_typo_font_weight":"","ocean_menu_typo_font_weight_tablet":"","ocean_menu_typo_font_weight_mobile":"","ocean_menu_typo_transform":"","ocean_menu_typo_transform_tablet":"","ocean_menu_typo_transform_mobile":"","ocean_menu_typo_line_height":0,"ocean_menu_typo_line_height_tablet":0,"ocean_menu_typo_line_height_mobile":0,"ocean_menu_typo_line_height_unit":"","ocean_menu_typo_spacing":0,"ocean_menu_typo_spacing_tablet":0,"ocean_menu_typo_spacing_mobile":0,"ocean_menu_typo_spacing_unit":"","ocean_menu_link_color":"","ocean_menu_link_color_hover":"","ocean_menu_link_color_active":"","ocean_menu_link_background":"","ocean_menu_link_hover_background":"","ocean_menu_link_active_background":"","ocean_menu_social_links_bg":"","ocean_menu_social_hover_links_bg":"","ocean_menu_social_links_color":"","ocean_menu_social_hover_links_color":"","ocean_disable_title":"default","ocean_disable_heading":"default","ocean_post_title":"","ocean_post_subheading":"","ocean_post_title_style":"","ocean_post_title_background_color":"","ocean_post_title_background":0,"ocean_post_title_bg_image_position":"","ocean_post_title_bg_image_attachment":"","ocean_post_title_bg_image_repeat":"","ocean_post_title_bg_image_size":"","ocean_post_title_height":0,"ocean_post_title_bg_overlay":0.5,"ocean_post_title_bg_overlay_color":"","ocean_disable_breadcrumbs":"default","ocean_breadcrumbs_color":"","ocean_breadcrumbs_separator_color":"","ocean_breadcrumbs_links_color":"","ocean_breadcrumbs_links_hover_color":"","ocean_display_footer_widgets":"default","ocean_display_footer_bottom":"default","ocean_custom_footer_template":"","footnotes":""},"class_list":["post-1184","page","type-page","status-publish","hentry","entry"],"_links":{"self":[{"href":"https:\/\/gkspiomar.pl\/index.php\/wp-json\/wp\/v2\/pages\/1184","targetHints":{"allow":["GET"]}}],"collection":[{"href":"https:\/\/gkspiomar.pl\/index.php\/wp-json\/wp\/v2\/pages"}],"about":[{"href":"https:\/\/gkspiomar.pl\/index.php\/wp-json\/wp\/v2\/types\/page"}],"author":[{"embeddable":true,"href":"https:\/\/gkspiomar.pl\/index.php\/wp-json\/wp\/v2\/users\/3"}],"replies":[{"embeddable":true,"href":"https:\/\/gkspiomar.pl\/index.php\/wp-json\/wp\/v2\/comments?post=1184"}],"version-history":[{"count":26,"href":"https:\/\/gkspiomar.pl\/index.php\/wp-json\/wp\/v2\/pages\/1184\/revisions"}],"predecessor-version":[{"id":1219,"href":"https:\/\/gkspiomar.pl\/index.php\/wp-json\/wp\/v2\/pages\/1184\/revisions\/1219"}],"wp:attachment":[{"href":"https:\/\/gkspiomar.pl\/index.php\/wp-json\/wp\/v2\/media?parent=1184"}],"curies":[{"name":"wp","href":"https:\/\/api.w.org\/{rel}","templated":true}]}}